{"id":710,"date":"2022-05-23T11:00:46","date_gmt":"2022-05-23T09:00:46","guid":{"rendered":"http:\/\/inkubator.pracownie.org\/?post_type=product&#038;p=710"},"modified":"2022-05-25T16:17:25","modified_gmt":"2022-05-25T14:17:25","slug":"pracownia-cale","status":"publish","type":"product","link":"https:\/\/inkubator.pracownie.org\/index.php\/produkt\/pracownia-cale\/","title":{"rendered":"Pracownia Cafe"},"content":{"rendered":"<p>Pom\u00f3\u017c nam ogarn\u0105\u0107 now\u0105 pod\u0142og\u0119 do naszej kawiarni.<\/p>\n","protected":false},"excerpt":{"rendered":"<p>Pracownie Cafe to wyj\u0105tkowe miejsce na mapie Gliwic gdzie aromat pysznej kawy unosi si\u0119 podczas warsztat\u00f3w, wystaw i niepowtarzalnych spotka\u0144.<\/p>\n","protected":false},"featured_media":473,"template":"","meta":[],"product_brand":[],"product_cat":[18],"product_tag":[],"class_list":{"0":"post-710","1":"product","2":"type-product","3":"status-publish","4":"has-post-thumbnail","6":"product_cat-bez-kategorii","8":"first","9":"instock","10":"sold-individually","11":"shipping-taxable","12":"purchasable","13":"product-type-crowdfunding"},"column":true,"wpcf_product":{"display_name":"admin","location":"Gliwice","funding_goal":"10000","total_raised":0,"raised_percent":"0%","desc":"","days_remaining":0,"product_thumb":"<img width=\"300\" height=\"300\" src=\"https:\/\/inkubator.pracownie.org\/wp-content\/uploads\/2022\/04\/tlo-pracownie-300x300.png\" class=\"attachment-woocommerce_thumbnail size-woocommerce_thumbnail no-lazy\" alt=\"Pracownia Cafe\" decoding=\"async\" loading=\"lazy\" srcset=\"https:\/\/inkubator.pracownie.org\/wp-content\/uploads\/2022\/04\/tlo-pracownie-300x300.png 300w, https:\/\/inkubator.pracownie.org\/wp-content\/uploads\/2022\/04\/tlo-pracownie-100x100.png 100w, https:\/\/inkubator.pracownie.org\/wp-content\/uploads\/2022\/04\/tlo-pracownie-150x150.png 150w, https:\/\/inkubator.pracownie.org\/wp-content\/uploads\/2022\/04\/tlo-pracownie-825x825.png 825w\" sizes=\"auto, (max-width: 300px) 100vw, 300px\" \/>"},"wpcf_dashboard":"<div class=\"woocommerce\"><div class=\"woocommerce-info\">Please log in first? <a class=\"wpneoShowLogin\" href=\"#\">Click here to login<\/a><\/div><div class=\"wpneo_login_form_div\" style=\"display: none;\"><form name=\"loginform\" id=\"loginform\" action=\"https:\/\/inkubator.pracownie.org\/wp-login.php\" method=\"post\"><p class=\"login-username\">\n\t\t\t\t<label for=\"user_login\">Nazwa u\u017cytkownika lub adres e-mail<\/label>\n\t\t\t\t<input type=\"text\" name=\"log\" id=\"user_login\" autocomplete=\"username\" class=\"input\" value=\"\" size=\"20\" \/>\n\t\t\t<\/p><p class=\"login-password\">\n\t\t\t\t<label for=\"user_pass\">Has\u0142o<\/label>\n\t\t\t\t<input type=\"password\" name=\"pwd\" id=\"user_pass\" autocomplete=\"current-password\" spellcheck=\"false\" class=\"input\" value=\"\" size=\"20\" \/>\n\t\t\t<\/p><p class=\"login-remember\"><label><input name=\"rememberme\" type=\"checkbox\" id=\"rememberme\" value=\"forever\" \/> Zapami\u0119taj mnie<\/label><\/p><p class=\"login-submit\">\n\t\t\t\t<input type=\"submit\" name=\"wp-submit\" id=\"wp-submit\" class=\"button button-primary\" value=\"Zaloguj si\u0119\" \/>\n\t\t\t\t<input type=\"hidden\" name=\"redirect_to\" value=\"https:\/\/inkubator.pracownie.org\/index.php\/wp-json\/wp\/v2\/product\/710\" \/>\n\t\t\t<\/p><\/form><\/div><\/div>","wpcf_single_campaign":"\n<div class=\"wpneo-wrapper\">\n\t<div class=\"wpneocf-container\">\n\t\t<div id=\"primary\" class=\"content-area\">\n\t\t\t<div id=\"content\" class=\"site-content\" role=\"main\">\n\t\t\t\t<div class=\"wpneo-list-details\">\n\n\t\t\t\t\t\t\t\t\t\t<div itemscope itemtype=\"http:\/\/schema.org\/ItemList\" id=\"campaign-710\" class=\"post-710 product type-product status-publish has-post-thumbnail product_cat-bez-kategorii  instock sold-individually shipping-taxable purchasable product-type-crowdfunding\">\n\t\t\t\t\t\t<div class=\"wpneo-campaign-single-left-info\">\n\t<div class=\"wpneo-post-img\">   \n\t\t<div class=\"wpneo-video-wrapper\"><iframe title=\"Pracownia na \u017cywo!\" width=\"940\" height=\"529\" src=\"https:\/\/www.youtube.com\/embed\/zcsAj30WyVQ?feature=oembed\" frameborder=\"0\" allow=\"accelerometer; autoplay; clipboard-write; encrypted-media; gyroscope; picture-in-picture; web-share\" referrerpolicy=\"strict-origin-when-cross-origin\" allowfullscreen><\/iframe><\/div>\t\t<div data-thumb=\"https:\/\/inkubator.pracownie.org\/wp-content\/uploads\/2022\/04\/nimble_asset_contact_two_bw-100x100.jpg\" data-thumb-alt=\"nimble_asset_contact_two_bw\" data-thumb-srcset=\"https:\/\/inkubator.pracownie.org\/wp-content\/uploads\/2022\/04\/nimble_asset_contact_two_bw-100x100.jpg 100w, https:\/\/inkubator.pracownie.org\/wp-content\/uploads\/2022\/04\/nimble_asset_contact_two_bw-300x300.jpg 300w, https:\/\/inkubator.pracownie.org\/wp-content\/uploads\/2022\/04\/nimble_asset_contact_two_bw-150x150.jpg 150w, https:\/\/inkubator.pracownie.org\/wp-content\/uploads\/2022\/04\/nimble_asset_contact_two_bw-825x825.jpg 825w\"  data-thumb-sizes=\"(max-width: 100px) 100vw, 100px\" class=\"woocommerce-product-gallery__image\"><a href=\"https:\/\/inkubator.pracownie.org\/wp-content\/uploads\/2022\/04\/nimble_asset_contact_two_bw.jpg\"><img width=\"100\" height=\"100\" src=\"https:\/\/inkubator.pracownie.org\/wp-content\/uploads\/2022\/04\/nimble_asset_contact_two_bw-100x100.jpg\" class=\" no-lazy\" alt=\"nimble_asset_contact_two_bw\" data-caption=\"\" data-src=\"https:\/\/inkubator.pracownie.org\/wp-content\/uploads\/2022\/04\/nimble_asset_contact_two_bw.jpg\" data-large_image=\"https:\/\/inkubator.pracownie.org\/wp-content\/uploads\/2022\/04\/nimble_asset_contact_two_bw.jpg\" data-large_image_width=\"1920\" data-large_image_height=\"1276\" decoding=\"async\" loading=\"lazy\" srcset=\"https:\/\/inkubator.pracownie.org\/wp-content\/uploads\/2022\/04\/nimble_asset_contact_two_bw-100x100.jpg 100w, https:\/\/inkubator.pracownie.org\/wp-content\/uploads\/2022\/04\/nimble_asset_contact_two_bw-300x300.jpg 300w, https:\/\/inkubator.pracownie.org\/wp-content\/uploads\/2022\/04\/nimble_asset_contact_two_bw-150x150.jpg 150w, https:\/\/inkubator.pracownie.org\/wp-content\/uploads\/2022\/04\/nimble_asset_contact_two_bw-825x825.jpg 825w\" sizes=\"auto, (max-width: 100px) 100vw, 100px\" \/><\/a><\/div>\t<\/div>\n\t\n\t<div style=\"clear: both\"><\/div>\n<div class=\"wpneo-single-short-description\">\n\t<h2>Short Story<\/h2>\n\t<div itemprop=\"description\">\n\t\t<p>Pracownie Cafe to wyj\u0105tkowe miejsce na mapie Gliwic gdzie aromat pysznej kawy unosi si\u0119 podczas warsztat\u00f3w, wystaw i niepowtarzalnych spotka\u0144.<\/p>\n\t<\/div>\n<\/div>\n<\/div>\t\t\t\t\t\t<div class=\"wpneo-campaign-summary\">\n\t\t\t\t\t\t\t<div class=\"wpneo-campaign-summary-inner\" itemscope itemtype=\"http:\/\/schema.org\/DonateAction\">\n\t\t\t\t\t\t\t\t<h2 class=\"wpneo-campaign-title\">Pracownia Cafe<\/h2><p class=\"wpneo-author-info\">\n\tby\t<a href=\"javascript:;\" data-author=\"1\" class=\"wpneo-fund-modal-btn\">admin<\/a>\n<\/p><div class=\"woocommerce\"><\/div><div class=\"campaign-funding-info\">\n\t<ul>\n\t\t<li>\n\t\t\t<p class=\"funding-amount\">\n\t\t\t\t<span class=\"woocommerce-Price-amount amount\"><bdi>10000,00&nbsp;<span class=\"woocommerce-Price-currencySymbol\">&#122;&#322;<\/span><\/bdi><\/span>\t\t\t<\/p>\n\t\t\t<span class=\"info-text\">Funding Goal<\/span>\n\t\t<\/li>\n\t\t<li>\n\t\t\t<p class=\"funding-amount\"><span class=\"woocommerce-Price-amount amount\"><bdi>0,00&nbsp;<span class=\"woocommerce-Price-currencySymbol\">&#122;&#322;<\/span><\/bdi><\/span><\/p>\n\t\t\t<span class=\"info-text\">Funds Raised<\/span>\n\t\t<\/li>\n\t\t\n\t\t<li>\n\t\t\t<p class=\"funding-amount\">\n\t\t\t\tCampaign Never Ends\t\t\t<\/p>\n\t\t\t<span class=\"info-text\">Campaign End Method<\/span>\n\t\t<\/li>\n\t<\/ul>\n<\/div><div class=\"wpneo-raised-percent\">\n\t<div class=\"wpneo-meta-name\">Raised Percent :<\/div>\n\t<div class=\"wpneo-meta-desc\" >0%<\/div>\n<\/div>\n<div class=\"wpneo-raised-bar\">\n\t<div id=\"neo-progressbar\">\n\t\t\t\t<div style=\"width: 0%\"><\/div>\n\t<\/div>\n<\/div><div class=\"wpneo-single-sidebar ASA\">\n\t\n\t\t\t<span class=\"wpneo-tooltip\">\n\t\t\t\t<span class=\"wpneo-tooltip-min\">\n\t\t\t\tMinimum amount is &#122;&#322;5\t\t\t\t<\/span>\n\t\t\t\t<span class=\"wpneo-tooltip-max\">\n\t\t\t\tMaximum amount is &#122;&#322;5\t\t\t\t<\/span>\n\t\t\t\t<span class=\"wpneo-tooltip-empty\">Put a valid number<\/span>\n\t\t\t<\/span>\n\n\t\t\t\n\t\t\t<form enctype=\"multipart\/form-data\" method=\"post\" class=\"cart AA\">\n\t\t\t\t\t\t\t\t&#122;&#322;\t\t\t\t\n\t\t\t\t<input oninput=\"this.value = this.value.replace(\/[^0-9\\.]\/g, '').split(\/\\.\/).slice(0, 2).join('.')\" type=\"number\" step=\"any\" min=\"1\" placeholder=\"10\" name=\"wpneo_donate_amount_field\" class=\"input-text amount wpneo_donate_amount_field text\" value=\"10\" data-min-price=\"5\" data-max-price=\"\" >\n\n\t\t\t\t\t\t\t\t<input type=\"hidden\" value=\"710\" name=\"add-to-cart\">\n\t\t\t\t<button type=\"submit\" class=\"wpneo_donate_button\">Back Campaign<\/button>\n\t\t\t<\/form>\n\n\t\t\t<\/div>\n\t<div class=\"wpneo-location-wrapper\">\n\t\t<i class=\"wpneo-icon wpneo-icon-location\"><\/i>\n\t\t<span>Gliwice, Polska<\/span>\n\t<\/div>\n<div class=\"wpneo-campaign-creator-info-wrapper\">\n\t<div class=\"wpneo-campaign-creator-avatar\">\n\t\t\t\t\t\t\t\t\t<img alt='' src='https:\/\/secure.gravatar.com\/avatar\/5ec8b69137fe6ea8e5d161f9e388ac9365ee0e4971630a31ce52eda712a0816a?s=80&#038;d=mm&#038;r=g' srcset='https:\/\/secure.gravatar.com\/avatar\/5ec8b69137fe6ea8e5d161f9e388ac9365ee0e4971630a31ce52eda712a0816a?s=160&#038;d=mm&#038;r=g 2x' class='avatar avatar-80 photo' height='80' width='80' loading='lazy' decoding='async'\/>\t\t\t\t\t\t<\/div>\n\t<div class=\"wpneo-campaign-creator-details\">\n\t\t<p><a href=\"javascript:;\" data-author=\"1\" class=\"wpneo-fund-modal-btn\" >admin<\/a> <\/p>\n\t\t<p>1 Campaigns | 0 Loved campaigns <\/p>\n\t\t\t\t<p><a href=\"javascript:;\" data-author=\"1\" class=\"wpneo-fund-modal-btn wpneo-link-style1\"><strong>See full bio<\/strong><\/a><\/p>\n\t<\/div>\n<\/div>\t\t\t\t\t\t\t<\/div><!-- .wpneo-campaign-summary-inner -->\n\t\t\t\t\t\t<\/div><!-- .wpneo-campaign-summary -->\n\t\t\t\t\t\t\n\t<div class=\"wpneo-tabs\">\n\t\t<ul class=\"wpneo-tabs-menu\">\n\t\t\t\t\t\t\t<li class=\"wpneo-current description_tab\">\n\t\t\t\t\t<a href=\"#wpneo-tab-description\">Campaign Story<\/a>\n\t\t\t\t<\/li>\n\t\t\t\t\t<\/ul>\n\t\t<div class=\"wpneo-tab\">\n\t\t\t\t\t\t\t<div id=\"wpneo-tab-description\" class=\"wpneo-tab-content\">\n\t\t\t\t\t\n\t<div class=\"tab-description tab_col_9 tab-campaign-story-left\">\n\t\t<h2>Campaign Story<\/h2>\n\t\t<p>Pom\u00f3\u017c nam ogarn\u0105\u0107 now\u0105 pod\u0142og\u0119 do naszej kawiarni.<\/p>\n\t<\/div>\n\n<div class=\"tab-rewards tab_col_3 tab-campaign-story-right\">\n\t<h2>Rewards<\/h2>\t\t\t<div class=\"tab-rewards-wrapper\">\n\t\t\t\t<div class=\"wpneo-shadow wpneo-padding15 wpneo-clearfix\">\n\t\t\t\t\t<h3>\n\t\t\t\t\t\t1 or more\t\t\t\t\t<\/h3>\n\t\t\t\t\t<div><p>u\u015bmiech<\/p>\n<\/div>\n\t\t\t\t\t\n\t\t\t\t\t\n\t\t\t\t\t<!-- Campaign Valid -->\n\t\t\t\t\t\t\t\t\t\t\t\t\t\t\t\t\t\t\t<div class=\"overlay\">\n\t\t\t\t\t\t\t\t\t<div>\n\t\t\t\t\t\t\t\t\t\t<div>\n\t\t\t\t\t\t\t\t\t\t\t\t\t\t\t\t\t\t\t\t\t\t\t<form enctype=\"multipart\/form-data\" method=\"post\" class=\"cart\">\n\t\t\t\t\t\t\t\t\t\t\t\t\t<input type=\"hidden\" value=\"1\" name=\"wpneo_donate_amount_field\" \/>\n\t\t\t\t\t\t\t\t\t\t\t\t\t<input type=\"hidden\" value='{&quot;wpneo_rewards_pladge_amount&quot;:1,&quot;wpneo_rewards_image_field&quot;:0,&quot;wpneo_rewards_description&quot;:&quot;u\\u015bmiech&quot;,&quot;wpneo_rewards_endmonth&quot;:&quot;&quot;,&quot;wpneo_rewards_endyear&quot;:&quot;&quot;,&quot;wpneo_rewards_item_limit&quot;:&quot;100&quot;}' name=\"wpneo_selected_rewards_checkout\" \/>\n\t\t\t\t\t\t\t\t\t\t\t\t\t<input type=\"hidden\" value=\"1\" name=\"wpneo_rewards_index\" \/>\n\t\t\t\t\t\t\t\t\t\t\t\t\t<input type=\"hidden\" value=\"1\" name=\"_cf_product_author_id\">\n\t\t\t\t\t\t\t\t\t\t\t\t\t<input type=\"hidden\" value=\"710\" name=\"add-to-cart\">\n\t\t\t\t\t\t\t\t\t\t\t\t\t<button type=\"submit\" class=\"select_rewards_button\">Select Reward<\/button>\n\t\t\t\t\t\t\t\t\t\t\t\t<\/form>\n\t\t\t\t\t\t\t\t\t\t\t\t\t\t\t\t\t\t\t\t\t<\/div>\n\t\t\t\t\t\t\t\t\t<\/div>\n\t\t\t\t\t\t\t\t<\/div>\n\t\t\t\t\t\t\t\t\t\t\t\t\t\t\t\t\t\t\t\t\t\t\t<!-- Campaign Over -->\n\n\t\t\t\t\t<div>0 backers<\/div>\t\t\t\t\t\t\t\t\t\t\t<div>\n\t\t\t\t\t\t\t100 rewards left\t\t\t\t\t\t<\/div>\n\t\t\t\t\t\n\t\t\t\t<\/div>\n\t\t\t<\/div>\n\t\t\t<div style=\"clear: both\"><\/div>\n\t<div style=\"clear: both\"><\/div>\n<\/div>\t\t\t\t<\/div>\n\t\t\t\t\t<\/div>\n\t\t<div class=\"clear-float\"><\/div>\n\t<\/div>\n\n\t\t\t\t\t\t<meta itemprop=\"url\" content=\"https:\/\/inkubator.pracownie.org\/index.php\/produkt\/pracownia-cale\/\" \/>\n\t\t\t\t\t<\/div><!-- #campaign-710 -->\n\t\t\t\t\t\t\t\t\t\t\n\t\t\t\t<\/div>\n\t\t\t<\/div><!-- #content -->\n\t\t<\/div><!-- #primary -->\n\t<\/div>\n\n<\/div>\n","wpcf_popular_campaign":[],"wpcf_project_listing":[{"ID":710,"post_author":"1","post_date":"2022-05-23 11:00:46","post_date_gmt":"2022-05-23 09:00:46","post_content":"Pom\u00f3\u017c nam ogarn\u0105\u0107 now\u0105 pod\u0142og\u0119 do naszej kawiarni.","post_title":"Pracownia Cafe","post_excerpt":"Pracownie Cafe to wyj\u0105tkowe miejsce na mapie Gliwic gdzie aromat pysznej kawy unosi si\u0119 podczas warsztat\u00f3w, wystaw i niepowtarzalnych spotka\u0144.","post_status":"publish","comment_status":"closed","ping_status":"closed","post_password":"","post_name":"pracownia-cale","to_ping":"","pinged":"","post_modified":"2022-05-25 16:17:25","post_modified_gmt":"2022-05-25 14:17:25","post_content_filtered":"","post_parent":0,"guid":"http:\/\/inkubator.pracownie.org\/?post_type=product&#038;p=710","menu_order":0,"post_type":"product","post_mime_type":"","comment_count":"0","filter":"raw"}],"_links":{"self":[{"href":"https:\/\/inkubator.pracownie.org\/index.php\/wp-json\/wp\/v2\/product\/710","targetHints":{"allow":["GET"]}}],"collection":[{"href":"https:\/\/inkubator.pracownie.org\/index.php\/wp-json\/wp\/v2\/product"}],"about":[{"href":"https:\/\/inkubator.pracownie.org\/index.php\/wp-json\/wp\/v2\/types\/product"}],"wp:featuredmedia":[{"embeddable":true,"href":"https:\/\/inkubator.pracownie.org\/index.php\/wp-json\/wp\/v2\/media\/473"}],"wp:attachment":[{"href":"https:\/\/inkubator.pracownie.org\/index.php\/wp-json\/wp\/v2\/media?parent=710"}],"wp:term":[{"taxonomy":"product_brand","embeddable":true,"href":"https:\/\/inkubator.pracownie.org\/index.php\/wp-json\/wp\/v2\/product_brand?post=710"},{"taxonomy":"product_cat","embeddable":true,"href":"https:\/\/inkubator.pracownie.org\/index.php\/wp-json\/wp\/v2\/product_cat?post=710"},{"taxonomy":"product_tag","embeddable":true,"href":"https:\/\/inkubator.pracownie.org\/index.php\/wp-json\/wp\/v2\/product_tag?post=710"}],"curies":[{"name":"wp","href":"https:\/\/api.w.org\/{rel}","templated":true}]}}