{"id":701,"date":"2022-05-23T10:27:25","date_gmt":"2022-05-23T08:27:25","guid":{"rendered":"http:\/\/inkubator.pracownie.org\/index.php\/cf-listing-page\/"},"modified":"2022-05-23T10:27:25","modified_gmt":"2022-05-23T08:27:25","slug":"cf-listing-page","status":"publish","type":"page","link":"https:\/\/inkubator.pracownie.org\/index.php\/cf-listing-page\/","title":{"rendered":"CF Listing Page"},"content":{"rendered":"\n<div class=\"wpneo-wrapper\">\n    <div class=\"wpneo-container\">\n                <div class=\"wpneo-wrapper-inner\">\n                                                <div class=\"wpneo-listings three first\">\n                        <div class=\"wpneo-listing-img\">\n\t<a href=\"https:\/\/inkubator.pracownie.org\/index.php\/produkt\/pracownia-cale\/\" title=\"Pracownia Cafe\"> <img loading=\"lazy\" decoding=\"async\" width=\"300\" height=\"300\" src=\"https:\/\/inkubator.pracownie.org\/wp-content\/uploads\/2022\/04\/tlo-pracownie-300x300.png\" class=\"attachment-woocommerce_thumbnail size-woocommerce_thumbnail no-lazy\" alt=\"Pracownia Cafe\" \/><\/a>\n\t<div class=\"overlay\">\n\t\t<div>\n\t\t\t<div>\n\t\t\t\t<a href=\"https:\/\/inkubator.pracownie.org\/index.php\/produkt\/pracownia-cale\/\">View Campaign<\/a>\n\t\t\t<\/div>\n\t\t<\/div>\n\t<\/div>\n<\/div>                        <div class=\"wpneo-listing-content\">\n                            <div class=\"woocommerce\"><\/div><h4><a href=\"https:\/\/inkubator.pracownie.org\/index.php\/produkt\/pracownia-cale\/ \">Pracownia Cafe<\/a><\/h4>\n<p class=\"wpneo-author\">by \n\t<a href=\"\/index.php\/wp-json\/wp\/v2\/pages\/701?author=admin\">admin<\/a>\n<\/p>\t<div class=\"wpneo-location\">\n\t\t<i class=\"wpneo-icon wpneo-icon-location\"><\/i>\n\t\t<div class=\"wpneo-meta-desc\">Gliwice, Polska<\/div>\n\t<\/div>\n\t<p class=\"wpneo-short-description\">Pom\u00f3\u017c nam ogarn\u0105\u0107 now\u0105 pod\u0142og\u0119 do naszej kawiarni.<\/p>\n<div class=\"wpneo-raised-percent\">\n\t<div class=\"wpneo-meta-name\">Raised Percent :<\/div>\n\t<div class=\"wpneo-meta-desc\" >0%<\/div>\n<\/div>\n\n<div class=\"wpneo-raised-bar\">\n\t<div id=\"neo-progressbar\">\n\t\t\t\t<div style=\"width: 0%\"><\/div>\n\t<\/div>\n<\/div>\n<div class=\"wpneo-funding-data\">\n\t<div class=\"wpneo-funding-goal\">\n\t\t<div class=\"wpneo-meta-desc\"><span class=\"woocommerce-Price-amount amount\">10000,00&nbsp;<span class=\"woocommerce-Price-currencySymbol\">&#122;&#322;<\/span><\/span><\/div>\n\t\t<div class=\"wpneo-meta-name\">Funding Goal<\/div>\n\t<\/div>\n\t<div class=\"wpneo-fund-raised\">\n\t\t<div class=\"wpneo-meta-desc\"><span class=\"woocommerce-Price-amount amount\">0,00&nbsp;<span class=\"woocommerce-Price-currencySymbol\">&#122;&#322;<\/span><\/span><\/div>\n\t\t<div class=\"wpneo-meta-name\">Fund Raised<\/div>\n\t<\/div>\n<\/div><!--div class=\"wpneo-listing-buttons\">\n    <a href=\"< ?php echo get_permalink(); ? >\" class=\"btn-details\">< ?php echo __('Campaign Details', 'wp-crowdfunding'); ? ><\/a>\n<\/div-->                        <\/div>\n                                            <\/div>\n                                    <\/div>\n        <div class=\"wpneo-pagination\">\n\t<\/div>    <\/div>\n<\/div>\n","protected":false},"excerpt":{"rendered":"","protected":false},"author":1,"featured_media":0,"parent":0,"menu_order":0,"comment_status":"closed","ping_status":"closed","template":"","meta":{"footnotes":""},"class_list":["post-701","page","type-page","status-publish","hentry"],"wpcf_dashboard":"<div class=\"woocommerce\"><div class=\"woocommerce-info\">Please log in first? <a class=\"wpneoShowLogin\" href=\"#\">Click here to login<\/a><\/div><div class=\"wpneo_login_form_div\" style=\"display: none;\"><form name=\"loginform\" id=\"loginform\" action=\"https:\/\/inkubator.pracownie.org\/wp-login.php\" method=\"post\"><p class=\"login-username\">\n\t\t\t\t<label for=\"user_login\">Nazwa u\u017cytkownika lub adres e-mail<\/label>\n\t\t\t\t<input type=\"text\" name=\"log\" id=\"user_login\" autocomplete=\"username\" class=\"input\" value=\"\" size=\"20\" \/>\n\t\t\t<\/p><p class=\"login-password\">\n\t\t\t\t<label for=\"user_pass\">Has\u0142o<\/label>\n\t\t\t\t<input type=\"password\" name=\"pwd\" id=\"user_pass\" autocomplete=\"current-password\" spellcheck=\"false\" class=\"input\" value=\"\" size=\"20\" \/>\n\t\t\t<\/p><p class=\"login-remember\"><label><input name=\"rememberme\" type=\"checkbox\" id=\"rememberme\" value=\"forever\" \/> Zapami\u0119taj mnie<\/label><\/p><p class=\"login-submit\">\n\t\t\t\t<input type=\"submit\" name=\"wp-submit\" id=\"wp-submit\" class=\"button button-primary\" value=\"Zaloguj si\u0119\" \/>\n\t\t\t\t<input type=\"hidden\" name=\"redirect_to\" value=\"https:\/\/inkubator.pracownie.org\/index.php\/wp-json\/wp\/v2\/pages\/701\" \/>\n\t\t\t<\/p><\/form><\/div><\/div>","_links":{"self":[{"href":"https:\/\/inkubator.pracownie.org\/index.php\/wp-json\/wp\/v2\/pages\/701","targetHints":{"allow":["GET"]}}],"collection":[{"href":"https:\/\/inkubator.pracownie.org\/index.php\/wp-json\/wp\/v2\/pages"}],"about":[{"href":"https:\/\/inkubator.pracownie.org\/index.php\/wp-json\/wp\/v2\/types\/page"}],"author":[{"embeddable":true,"href":"https:\/\/inkubator.pracownie.org\/index.php\/wp-json\/wp\/v2\/users\/1"}],"replies":[{"embeddable":true,"href":"https:\/\/inkubator.pracownie.org\/index.php\/wp-json\/wp\/v2\/comments?post=701"}],"version-history":[{"count":0,"href":"https:\/\/inkubator.pracownie.org\/index.php\/wp-json\/wp\/v2\/pages\/701\/revisions"}],"wp:attachment":[{"href":"https:\/\/inkubator.pracownie.org\/index.php\/wp-json\/wp\/v2\/media?parent=701"}],"curies":[{"name":"wp","href":"https:\/\/api.w.org\/{rel}","templated":true}]}}